{"id":88,"date":"2024-05-02T17:52:33","date_gmt":"2024-05-02T15:52:33","guid":{"rendered":"https:\/\/alternativemediation.fr\/?page_id=88"},"modified":"2024-05-02T20:44:18","modified_gmt":"2024-05-02T18:44:18","slug":"quest-ce-que-la-mediation","status":"publish","type":"page","link":"https:\/\/alternativemediation.fr\/?page_id=88","title":{"rendered":"Qu&rsquo;est-ce que la m\u00e9diation ?"},"content":{"rendered":"\n<p class=\"has-neve-text-color-color has-text-color has-link-color has-small-font-size wp-elements-bb7569e9e70ae98c123ae4d1ea229795\">La m\u00e9diation est une approche innovante et efficace pour r\u00e9soudre les conflits de mani\u00e8re consensuelle. Que vous soyez un particulier ou un professionnel, elle offre de nombreux avantages et respecte des principes fondamentaux qui facilitent la <strong>r\u00e9solution de diff\u00e9rends tout en pr\u00e9servant les relations humaines<\/strong>.<\/p>\n\n\n<div class=\"wp-block-image\">\n<figure class=\"aligncenter size-medium\"><img loading=\"lazy\" decoding=\"async\" width=\"300\" height=\"200\" src=\"https:\/\/alternativemediation.fr\/wp-content\/uploads\/2024\/05\/chris-sabor-qlaot0VrqTM-unsplash-1-300x200.jpg\" alt=\"\" class=\"wp-image-501\" srcset=\"https:\/\/alternativemediation.fr\/wp-content\/uploads\/2024\/05\/chris-sabor-qlaot0VrqTM-unsplash-1-300x200.jpg 300w, https:\/\/alternativemediation.fr\/wp-content\/uploads\/2024\/05\/chris-sabor-qlaot0VrqTM-unsplash-1-1024x683.jpg 1024w, https:\/\/alternativemediation.fr\/wp-content\/uploads\/2024\/05\/chris-sabor-qlaot0VrqTM-unsplash-1-768x512.jpg 768w, https:\/\/alternativemediation.fr\/wp-content\/uploads\/2024\/05\/chris-sabor-qlaot0VrqTM-unsplash-1-1536x1024.jpg 1536w, https:\/\/alternativemediation.fr\/wp-content\/uploads\/2024\/05\/chris-sabor-qlaot0VrqTM-unsplash-1-930x620.jpg 930w, https:\/\/alternativemediation.fr\/wp-content\/uploads\/2024\/05\/chris-sabor-qlaot0VrqTM-unsplash-1.jpg 1920w\" sizes=\"auto, (max-width: 300px) 100vw, 300px\" \/><\/figure>\n<\/div>\n\n\n<p class=\"has-neve-text-color-color has-text-color has-link-color wp-elements-233a028d5d3c538a861035d8ae602893\">Elle est une alternative aux modes traditionnels de r\u00e9gulation ou traitement des diff\u00e9rends comme l&rsquo;arbitrage, la <strong>proc\u00e9dure judiciaire, la n\u00e9gociation, \u2026 <\/strong>quand le diff\u00e9rend est pris en compte.<\/p>\n\n\n\n<div class=\"wp-block-columns is-layout-flex wp-container-core-columns-is-layout-9d6595d7 wp-block-columns-is-layout-flex\">\n<div class=\"wp-block-column is-layout-flow wp-block-column-is-layout-flow\">\n<p class=\"has-text-align-center\">La m\u00e9diation est un processus de r\u00e9solution de conflits dans lequel un <strong>tiers neutre et impartial<\/strong>, le m\u00e9diateur, <strong>facilite la communication <\/strong>entre les parties en conflit.<\/p>\n<\/div>\n\n\n\n<div class=\"wp-block-column is-layout-flow wp-block-column-is-layout-flow\">\n<p class=\"has-text-align-center\">Son r\u00f4le est d&rsquo;aider les participants \u00e0 <strong>identifier leurs besoins, int\u00e9r\u00eats <\/strong>et pr\u00e9occupations, afin de les guider vers la <strong>recherche de solutions mutuellement satisfaisantes<\/strong>.<\/p>\n<\/div>\n\n\n\n<div class=\"wp-block-column is-layout-flow wp-block-column-is-layout-flow\">\n<p class=\"has-text-align-center\">Contrairement \u00e0 une proc\u00e9dure judiciaire, la m\u00e9diation met l&rsquo;<strong>accent sur la collaboration et la prise de d\u00e9cision conjointe<\/strong>.<\/p>\n<\/div>\n<\/div>\n\n\n\n<p><\/p>\n\n\n\n<h3 class=\"wp-block-heading has-text-color has-link-color wp-elements-ca49564319b810641c37de16673b3d67\" style=\"color:#a32b3a;font-size:30px\"><strong>Quels int\u00e9r\u00eats \u00e0 y recourir ?<\/strong><\/h3>\n\n\n\n<ol class=\"wp-block-list\" style=\"list-style-type:1\">\n<li><strong>Privil\u00e9gier la Communication et la Compr\u00e9hension<\/strong> : La m\u00e9diation favorise un dialogue ouvert entre les parties, permettant ainsi une meilleure compr\u00e9hension des points de vue et des \u00e9motions de chacun. Ce processus aide \u00e0 briser les barri\u00e8res de communication et \u00e0 \u00e9viter les malentendus.<\/li>\n\n\n\n<li><strong>Contr\u00f4le sur le Processus<\/strong> : Contrairement \u00e0 une d\u00e9cision impos\u00e9e par un juge ou un arbitre, les parties conservent le contr\u00f4le du processus de m\u00e9diation. Elles participent activement \u00e0 la recherche de solutions et sont libres de les accepter ou de les rejeter.<\/li>\n\n\n\n<li><strong>Confidentialit\u00e9<\/strong> : La m\u00e9diation offre un environnement confidentiel, prot\u00e9geant ainsi la vie priv\u00e9e des parties et des informations sensibles \u00e9chang\u00e9es pendant les s\u00e9ances de m\u00e9diation.<\/li>\n\n\n\n<li><strong>Efficacit\u00e9 et Rapidit\u00e9<\/strong> : La m\u00e9diation est souvent plus rapide qu&rsquo;un processus judiciaire, ce qui permet de r\u00e9soudre les conflits de mani\u00e8re efficace, sans engager des mois voire des ann\u00e9es dans une proc\u00e9dure l\u00e9gale. &nbsp;Les m\u00e9diations d\u00e9bouchent majoritairement sur des accords concrets.<\/li>\n\n\n\n<li><strong>Co\u00fbt R\u00e9duit<\/strong> : En \u00e9vitant les frais juridiques \u00e9lev\u00e9s d&rsquo;un proc\u00e8s, la m\u00e9diation offre une alternative financi\u00e8rement avantageuse pour r\u00e9soudre les diff\u00e9rends.<\/li>\n<\/ol>\n\n\n\n<h3 class=\"wp-block-heading has-text-color has-link-color wp-elements-1ead1748c001bfca958ebce5d9ce77cb\" style=\"color:#a32b3a;font-size:30px\"><strong>Ses principes &#8211; une d\u00e9ontologie<\/strong><\/h3>\n\n\n\n<p>La m\u00e9diation s&rsquo;inscrit dans un courant philosophique et \u00e9thique. <\/p>\n\n\n\n<p><mark style=\"background-color:rgba(0, 0, 0, 0)\" class=\"has-inline-color has-neve-link-color-color\">\u00ab\u00a0La m\u00e9diation met en actes le principe d\u2019une d\u00e9mocratie participative.\u00a0\u00bb<\/mark> (Jacques Faget &#8211; Etats g\u00e9n\u00e9raux de la m\u00e9diation de 2018). <\/p>\n\n\n\n<ol class=\"wp-block-list\" style=\"list-style-type:1\">\n<li><strong>Impartialit\u00e9<\/strong> : Le m\u00e9diateur agit en tant que tiers sans prendre parti pour l&rsquo;une ou l&rsquo;autre des parties. Son r\u00f4le est de faciliter le dialogue et de garantir que toutes les voix sont entendues.<\/li>\n\n\n\n<li><strong>Neutralit\u00e9 <\/strong>: Le m\u00e9diateur n&rsquo;a pas de pouvoir de d\u00e9cision sur le fond et d&rsquo;int\u00e9r\u00eat dans le choix de solution.<\/li>\n\n\n\n<li><strong>Confidentialit\u00e9<\/strong> : Tout ce qui est dit et fait pendant les s\u00e9ances de m\u00e9diation est confidentiel, \u00e0 moins que les parties ne conviennent autrement.<\/li>\n\n\n\n<li><strong>Volontariat<\/strong> : La participation \u00e0 la m\u00e9diation est volontaire. Les parties ont le droit de se retirer du processus \u00e0 tout moment si elles estiment qu&rsquo;il n&rsquo;est pas appropri\u00e9.<\/li>\n\n\n\n<li><strong>Respect et \u00c9coute Active<\/strong> : Chaque participant s&rsquo;engage \u00e0 \u00e9couter activement l&rsquo;autre partie et \u00e0 respecter ses opinions et ses besoins.<\/li>\n\n\n\n<li><strong>Focus sur les Int\u00e9r\u00eats et les Solutions<\/strong> : Plut\u00f4t que de se concentrer sur les positions rigides, la m\u00e9diation encourage l&rsquo;exploration des int\u00e9r\u00eats sous-jacents de chaque partie pour trouver des solutions cr\u00e9atives et durables.<\/li>\n<\/ol>\n\n\n\n<p>Pour plus d&rsquo;information, voir le <a href=\"https:\/\/www.anm-mediation.com\/documents\/code-de-deontologie.pdf\">Code de d\u00e9ontologie du m\u00e9diateur<\/a><\/p>\n\n\n\n<h3 class=\"wp-block-heading has-text-color has-link-color wp-elements-443ed8873269079fdf2436e96a99659a\" style=\"color:#a32b3a;font-size:30px\"><strong>En conclusion<\/strong><\/h3>\n\n\n\n<div class=\"wp-block-group\"><div class=\"wp-block-group__inner-container is-layout-constrained wp-block-group-is-layout-constrained\">\n<div class=\"wp-block-group\"><div class=\"wp-block-group__inner-container is-layout-constrained wp-block-group-is-layout-constrained\">\n<p class=\"has-neve-text-color-color has-nv-text-dark-bg-background-color has-text-color has-background\">La m\u00e9diation est une <strong>approche constructive et humaine <\/strong>pour r\u00e9soudre, ou plut\u00f4t transformer les conflits, que ce soit dans la sph\u00e8re personnelle ou professionnelle.<br>Elle permet aux parties impliqu\u00e9es de collaborer pour parvenir \u00e0 des solutions satisfaisantes, tout en pr\u00e9servant les relations et en \u00e9vitant les litiges longs et co\u00fbteux. Elle a une vocation pr\u00e9ventive d'\u00a0\u00bb<strong>\u00e9ducation \u00e0 une conflictualit\u00e9 respectueuse des relations<\/strong>\u00ab\u00a0.  <br>Si vous \u00eates confront\u00e9s \u00e0 un diff\u00e9rend, n&rsquo;h\u00e9sitez pas \u00e0 envisager la m\u00e9diation comme un moyen efficace et respectueux de le r\u00e9soudre.<\/p>\n\n\n\n<div class=\"wp-block-group\"><div class=\"wp-block-group__inner-container is-layout-constrained wp-block-group-is-layout-constrained\">\n<h3 class=\"wp-block-heading has-text-color has-link-color wp-elements-27d4d6f79ba3997ac06e94b87c8c2387\" style=\"color:#a32b3a;font-size:30px\"><strong>Mes interventions <\/strong><\/h3>\n\n\n\n<p>Membre fondateur de l&rsquo;association <a href=\"https:\/\/www.choisirlamediation.fr\/\">Choisir la M\u00e9diation<\/a>, je suis m\u00e9diateur judiciaire r\u00e9f\u00e9renc\u00e9 aupr\u00e8s du Tribunal judiciaire de Valence et de la Cour d&rsquo;appel de Grenoble.<\/p>\n\n\n\n<p>J&rsquo;accompagne des personnes en m\u00e9diation <a href=\"https:\/\/www.choisirlamediation.fr\/mediation-familiale\">familiale <\/a>ou de voisinage : <\/p>\n\n\n\n<ul class=\"wp-block-list\">\n<li>conventionnelle, c&rsquo;est \u00e0 dire de leur propre initiative,<\/li>\n\n\n\n<li>ou judiciaire, selon l&rsquo;ordonnance d&rsquo;un juge.<\/li>\n<\/ul>\n\n\n\n<p><\/p>\n\n\n\n<p>J&rsquo;anime aupr\u00e8s de professionnels d&rsquo;organisations, collectivit\u00e9s, associations ou <a href=\"https:\/\/www.mediateurs.fr\/\">entreprises<\/a> :<\/p>\n\n\n\n<ul class=\"wp-block-list\">\n<li>des m\u00e9diations interpersonnelles (2 ou 3 protagonistes),<\/li>\n\n\n\n<li>des m\u00e9diations collectives (\u00e9quipes, services, &#8230;).<\/li>\n<\/ul>\n<\/div><\/div>\n<\/div><\/div>\n<\/div><\/div>\n","protected":false},"excerpt":{"rendered":"<p>La m\u00e9diation est une approche innovante et efficace pour r\u00e9soudre les conflits de mani\u00e8re consensuelle. Que vous soyez un particulier ou un professionnel, elle offre de nombreux avantages et respecte des principes fondamentaux qui facilitent la r\u00e9solution de diff\u00e9rends tout en pr\u00e9servant les relations humaines. Elle est une alternative aux modes traditionnels de r\u00e9gulation ou&hellip;&nbsp;<a href=\"https:\/\/alternativemediation.fr\/?page_id=88\" rel=\"bookmark\">Lire la suite &raquo;<span class=\"screen-reader-text\">Qu&rsquo;est-ce que la m\u00e9diation ?<\/span><\/a><\/p>\n","protected":false},"author":1,"featured_media":0,"parent":0,"menu_order":0,"comment_status":"closed","ping_status":"closed","template":"","meta":{"neve_meta_sidebar":"","neve_meta_container":"","neve_meta_enable_content_width":"","neve_meta_content_width":0,"neve_meta_title_alignment":"","neve_meta_author_avatar":"","neve_post_elements_order":"","neve_meta_disable_header":"","neve_meta_disable_footer":"","neve_meta_disable_title":"","footnotes":""},"class_list":["post-88","page","type-page","status-publish","hentry"],"_links":{"self":[{"href":"https:\/\/alternativemediation.fr\/index.php?rest_route=\/wp\/v2\/pages\/88","targetHints":{"allow":["GET"]}}],"collection":[{"href":"https:\/\/alternativemediation.fr\/index.php?rest_route=\/wp\/v2\/pages"}],"about":[{"href":"https:\/\/alternativemediation.fr\/index.php?rest_route=\/wp\/v2\/types\/page"}],"author":[{"embeddable":true,"href":"https:\/\/alternativemediation.fr\/index.php?rest_route=\/wp\/v2\/users\/1"}],"replies":[{"embeddable":true,"href":"https:\/\/alternativemediation.fr\/index.php?rest_route=%2Fwp%2Fv2%2Fcomments&post=88"}],"version-history":[{"count":29,"href":"https:\/\/alternativemediation.fr\/index.php?rest_route=\/wp\/v2\/pages\/88\/revisions"}],"predecessor-version":[{"id":512,"href":"https:\/\/alternativemediation.fr\/index.php?rest_route=\/wp\/v2\/pages\/88\/revisions\/512"}],"wp:attachment":[{"href":"https:\/\/alternativemediation.fr\/index.php?rest_route=%2Fwp%2Fv2%2Fmedia&parent=88"}],"curies":[{"name":"wp","href":"https:\/\/api.w.org\/{rel}","templated":true}]}}