{"id":73,"date":"2024-05-02T18:39:07","date_gmt":"2024-05-02T16:39:07","guid":{"rendered":"https:\/\/alternativemediation.fr\/?page_id=73"},"modified":"2024-05-02T18:59:54","modified_gmt":"2024-05-02T16:59:54","slug":"fondements-de-ma-pratique","status":"publish","type":"page","link":"https:\/\/alternativemediation.fr\/?page_id=73","title":{"rendered":"Fondements de ma pratique"},"content":{"rendered":"\n<h3 class=\"wp-block-heading\"><strong>Approches th\u00e9oriques<\/strong><\/h3>\n\n\n\n<p>Ma pratique d&rsquo;intervenant, facilitateur et m\u00e9diateur, s\u2019inspire principalement des approches th\u00e9oriques&nbsp; suivantes :<\/p>\n\n\n\n<ul class=\"wp-block-list\">\n<li>La <a href=\"https:\/\/www.institut-charlesrojzman.com\/fr\/therapie-sociale\"><strong>th\u00e9rapie sociale<\/strong><\/a>, qui vise \u00e0 comprendre les m\u00e9canismes qui emp\u00eachent de coop\u00e9rer pour les transformer. Elle propose des outils de r\u00e9flexion et d\u2019intervention pour permettre \u00e0 chacun de retrouver sa capacit\u00e9 au changement par le d\u00e9veloppement d\u2019une intelligence collective.<\/li>\n\n\n\n<li>La <strong>communication bienveillante<\/strong> bas\u00e9e sur l\u2019\u00e9coute active inspir\u00e9e des travaux de Carl Rogers et de ses \u00e9l\u00e8ves comme Marshall Rosenberg.<\/li>\n\n\n\n<li>L\u2019<strong>approche syst\u00e9mique<\/strong> qui s\u2019appuie sur les principes de l\u2019\u00e9cole de Palo Alto fond\u00e9e par Gregory Bateson invite \u00e0 comprendre les organisations comme des syst\u00e8mes et consid\u00e9rer les interactions entre les parties d\u2019un syst\u00e8me et le tout.<\/li>\n<\/ul>\n\n\n<div class=\"wp-block-image\">\n<figure class=\"aligncenter size-full\"><img loading=\"lazy\" decoding=\"async\" width=\"700\" height=\"436\" src=\"https:\/\/alternativemediation.fr\/wp-content\/uploads\/2024\/05\/racines.jpg\" alt=\"\" class=\"wp-image-482\" srcset=\"https:\/\/alternativemediation.fr\/wp-content\/uploads\/2024\/05\/racines.jpg 700w, https:\/\/alternativemediation.fr\/wp-content\/uploads\/2024\/05\/racines-300x187.jpg 300w\" sizes=\"auto, (max-width: 700px) 100vw, 700px\" \/><\/figure>\n<\/div>\n\n\n<h3 class=\"wp-block-heading\"><strong>Cadre et posture<\/strong><\/h3>\n\n\n\n<p>Le cadre de mes interventions et ma posture d&rsquo;accompagnant contribuent en premier lieu \u00e0 prendre <strong>soin des relations interpersonnelles<\/strong> et \u00e0 favoriser un <strong>travail de r\u00e9flexion collaboratif<\/strong>.<\/p>\n\n\n\n<p>Un cadre clair et s\u00e9curisant est explicit\u00e9 et contractualis\u00e9&nbsp; avec les participants en tenant compte de&nbsp; leurs&nbsp; besoins&nbsp; et&nbsp; motivations tout au long du travail, avec des r\u00e8gles pr\u00e9cises, comme le <strong>respect de la parole<\/strong> et aussi&nbsp; des&nbsp; non-dits et dans le respect de la <strong>confidentialit\u00e9<\/strong> sur les personnes.<\/p>\n\n\n\n<p>Dans la plupart des accompagnement collectifs, il y a <strong>libert\u00e9&nbsp; de&nbsp; participation<\/strong> mais avec <strong>obligation&nbsp; de&nbsp; pr\u00e9sence<\/strong>. Dans le cas des m\u00e9diations, le <strong>consentement au processus<\/strong> est recueilli en entretien individuel.<\/p>\n\n\n\n<p>Le travail propos\u00e9 doit permettre de vivre&nbsp; la&nbsp; r\u00e9alit\u00e9&nbsp; de&nbsp; l\u2019\u00e9quipe&nbsp; pendant&nbsp; les&nbsp; temps&nbsp; de rencontres, en favorisant les \u00e9changes dans une <strong>expression libre <\/strong>et authentique (sans \u00ab\u00a0masques\u00a0\u00bb).&nbsp; Il vise \u00e0 identifier par un travail r\u00e9flexif ce qui est \u00e0 l&rsquo;\u0153uvre pour chacun dans les relations (peurs, pr\u00e9jug\u00e9s, \u2026), et \u00e0 se rendre&nbsp; compte de&nbsp; ce&nbsp; qui participe \u00e0 la coop\u00e9ration ou l\u2019emp\u00eache d\u2019advenir.<\/p>\n\n\n\n<p>Je veille \u00e0 faire circuler la parole, reformuler, interroger la forme quand je pressent du \u00ab\u00a0non formul\u00e9\u00a0\u00bb, pointer des \u00e9l\u00e9ments de m\u00e9tacommunication qui peuvent parasiter le fond.<\/p>\n\n\n\n<p>Ma posture est fond\u00e9e sur le principe de l\u00e9gitimit\u00e9 de chacun \u00e0 t\u00e9moigner d\u2019un v\u00e9cu singulier et de l\u2019accueil de sa parole pour permettre un processus d\u2019alt\u00e9rit\u00e9 entre les acteurs, et \u00e0 chacun d\u2019exercer pleinement son pouvoir d&rsquo;agir.<\/p>\n","protected":false},"excerpt":{"rendered":"<p>Approches th\u00e9oriques Ma pratique d&rsquo;intervenant, facilitateur et m\u00e9diateur, s\u2019inspire principalement des approches th\u00e9oriques&nbsp; suivantes : Cadre et posture Le cadre de mes interventions et ma posture d&rsquo;accompagnant contribuent en premier lieu \u00e0 prendre soin des relations interpersonnelles et \u00e0 favoriser un travail de r\u00e9flexion collaboratif. Un cadre clair et s\u00e9curisant est explicit\u00e9 et contractualis\u00e9&nbsp; avec&hellip;&nbsp;<a href=\"https:\/\/alternativemediation.fr\/?page_id=73\" rel=\"bookmark\">Lire la suite &raquo;<span class=\"screen-reader-text\">Fondements de ma pratique<\/span><\/a><\/p>\n","protected":false},"author":1,"featured_media":0,"parent":0,"menu_order":0,"comment_status":"closed","ping_status":"closed","template":"","meta":{"neve_meta_sidebar":"","neve_meta_container":"","neve_meta_enable_content_width":"","neve_meta_content_width":0,"neve_meta_title_alignment":"","neve_meta_author_avatar":"","neve_post_elements_order":"","neve_meta_disable_header":"","neve_meta_disable_footer":"","neve_meta_disable_title":"","footnotes":""},"class_list":["post-73","page","type-page","status-publish","hentry"],"_links":{"self":[{"href":"https:\/\/alternativemediation.fr\/index.php?rest_route=\/wp\/v2\/pages\/73","targetHints":{"allow":["GET"]}}],"collection":[{"href":"https:\/\/alternativemediation.fr\/index.php?rest_route=\/wp\/v2\/pages"}],"about":[{"href":"https:\/\/alternativemediation.fr\/index.php?rest_route=\/wp\/v2\/types\/page"}],"author":[{"embeddable":true,"href":"https:\/\/alternativemediation.fr\/index.php?rest_route=\/wp\/v2\/users\/1"}],"replies":[{"embeddable":true,"href":"https:\/\/alternativemediation.fr\/index.php?rest_route=%2Fwp%2Fv2%2Fcomments&post=73"}],"version-history":[{"count":5,"href":"https:\/\/alternativemediation.fr\/index.php?rest_route=\/wp\/v2\/pages\/73\/revisions"}],"predecessor-version":[{"id":483,"href":"https:\/\/alternativemediation.fr\/index.php?rest_route=\/wp\/v2\/pages\/73\/revisions\/483"}],"wp:attachment":[{"href":"https:\/\/alternativemediation.fr\/index.php?rest_route=%2Fwp%2Fv2%2Fmedia&parent=73"}],"curies":[{"name":"wp","href":"https:\/\/api.w.org\/{rel}","templated":true}]}}