{"id":6,"date":"2023-04-11T11:48:18","date_gmt":"2023-04-11T09:48:18","guid":{"rendered":"https:\/\/alternativemediation.fr\/?page_id=6"},"modified":"2024-05-02T21:31:54","modified_gmt":"2024-05-02T19:31:54","slug":"accueil","status":"publish","type":"page","link":"https:\/\/alternativemediation.fr\/","title":{"rendered":"M\u00e9diateur, facilitateur de relations sociales, animateur de groupes d&rsquo;analyse de pratiques"},"content":{"rendered":"\n<p><\/p>\n\n\n\n<div class=\"wp-block-columns is-layout-flex wp-container-core-columns-is-layout-9d6595d7 wp-block-columns-is-layout-flex\">\n<div class=\"wp-block-column is-layout-flow wp-block-column-is-layout-flow\" style=\"flex-basis:66.66%\">\n<p><\/p>\n\n\n\n<p><\/p>\n\n\n\n<p>M\u00e9diateur, formateur, et animateur de groupes d&rsquo;analyse de pratiques professionnelles, j&rsquo;accompagne des personnes, des groupes, particuliers comme professionnels ou b\u00e9n\u00e9voles d&rsquo;associations, qui cherchent \u00e0 <strong>se rencontrer et dialoguer autrement pour transformer les relations<\/strong>.<\/p>\n\n\n\n<p>J&rsquo;interviens principalement dans la r\u00e9gion Auvergne Rh\u00f4ne-Alpes et je peux vous recevoir sur Romans sur Is\u00e8re.<\/p>\n\n\n\n<p>N&rsquo;h\u00e9sitez pas \u00e0 <a href=\"https:\/\/alternativemediation.fr\/?page_id=267\" data-type=\"page\" data-id=\"267\">me contacter<\/a> pour en savoir plus sur mes types accompagnements et mes modalit\u00e9s d&rsquo;interventions.<\/p>\n<\/div>\n\n\n\n<div class=\"wp-block-column is-layout-flow wp-block-column-is-layout-flow\" style=\"flex-basis:33.33%\">\n<figure class=\"wp-block-image size-large\"><img loading=\"lazy\" decoding=\"async\" width=\"576\" height=\"1024\" src=\"https:\/\/alternativemediation.fr\/wp-content\/uploads\/2024\/05\/wilhelm-gunkel-toHsK7MKmek-unsplash-576x1024.jpg\" alt=\"\" class=\"wp-image-504\" style=\"aspect-ratio:1;object-fit:cover\" srcset=\"https:\/\/alternativemediation.fr\/wp-content\/uploads\/2024\/05\/wilhelm-gunkel-toHsK7MKmek-unsplash-576x1024.jpg 576w, https:\/\/alternativemediation.fr\/wp-content\/uploads\/2024\/05\/wilhelm-gunkel-toHsK7MKmek-unsplash-169x300.jpg 169w, https:\/\/alternativemediation.fr\/wp-content\/uploads\/2024\/05\/wilhelm-gunkel-toHsK7MKmek-unsplash.jpg 640w\" sizes=\"auto, (max-width: 576px) 100vw, 576px\" \/><\/figure>\n<\/div>\n<\/div>\n","protected":false},"excerpt":{"rendered":"<p>M\u00e9diateur, formateur, et animateur de groupes d&rsquo;analyse de pratiques professionnelles, j&rsquo;accompagne des personnes, des groupes, particuliers comme professionnels ou b\u00e9n\u00e9voles d&rsquo;associations, qui cherchent \u00e0 se rencontrer et dialoguer autrement pour transformer les relations. J&rsquo;interviens principalement dans la r\u00e9gion Auvergne Rh\u00f4ne-Alpes et je peux vous recevoir sur Romans sur Is\u00e8re. N&rsquo;h\u00e9sitez pas \u00e0 me contacter pour&hellip;&nbsp;<a href=\"https:\/\/alternativemediation.fr\/\" rel=\"bookmark\">Lire la suite &raquo;<span class=\"screen-reader-text\">M\u00e9diateur, facilitateur de relations sociales, animateur de groupes d&rsquo;analyse de pratiques<\/span><\/a><\/p>\n","protected":false},"author":1,"featured_media":0,"parent":0,"menu_order":0,"comment_status":"closed","ping_status":"closed","template":"","meta":{"neve_meta_sidebar":"","neve_meta_container":"","neve_meta_enable_content_width":"on","neve_meta_content_width":100,"neve_meta_title_alignment":"","neve_meta_author_avatar":"","neve_post_elements_order":"","neve_meta_disable_header":"","neve_meta_disable_footer":"","neve_meta_disable_title":"off","footnotes":""},"class_list":["post-6","page","type-page","status-publish","hentry"],"_links":{"self":[{"href":"https:\/\/alternativemediation.fr\/index.php?rest_route=\/wp\/v2\/pages\/6","targetHints":{"allow":["GET"]}}],"collection":[{"href":"https:\/\/alternativemediation.fr\/index.php?rest_route=\/wp\/v2\/pages"}],"about":[{"href":"https:\/\/alternativemediation.fr\/index.php?rest_route=\/wp\/v2\/types\/page"}],"author":[{"embeddable":true,"href":"https:\/\/alternativemediation.fr\/index.php?rest_route=\/wp\/v2\/users\/1"}],"replies":[{"embeddable":true,"href":"https:\/\/alternativemediation.fr\/index.php?rest_route=%2Fwp%2Fv2%2Fcomments&post=6"}],"version-history":[{"count":25,"href":"https:\/\/alternativemediation.fr\/index.php?rest_route=\/wp\/v2\/pages\/6\/revisions"}],"predecessor-version":[{"id":524,"href":"https:\/\/alternativemediation.fr\/index.php?rest_route=\/wp\/v2\/pages\/6\/revisions\/524"}],"wp:attachment":[{"href":"https:\/\/alternativemediation.fr\/index.php?rest_route=%2Fwp%2Fv2%2Fmedia&parent=6"}],"curies":[{"name":"wp","href":"https:\/\/api.w.org\/{rel}","templated":true}]}}